{"id":67,"date":"2023-01-13T23:11:21","date_gmt":"2023-01-13T22:11:21","guid":{"rendered":"http:\/\/lafocaccia.fr\/?page_id=67"},"modified":"2025-11-25T07:19:50","modified_gmt":"2025-11-25T06:19:50","slug":"carte","status":"publish","type":"page","link":"https:\/\/lafocaccia.fr\/index.php\/carte\/","title":{"rendered":"La Carte"},"content":{"rendered":"\t\t<div data-elementor-type=\"wp-page\" data-elementor-id=\"67\" class=\"elementor elementor-67\">\n\t\t\t\t<div class=\"elementor-element elementor-element-ce43ece e-con-full e-flex wpr-particle-no wpr-jarallax-no wpr-parallax-no wpr-sticky-section-no e-con e-parent\" data-id=\"ce43ece\" data-element_type=\"container\" data-settings=\"{&quot;background_background&quot;:&quot;classic&quot;}\">\n\t\t\t\t<\/div>\n\t\t<div class=\"elementor-element elementor-element-aa32cbd e-flex e-con-boxed wpr-particle-no wpr-jarallax-no wpr-parallax-no wpr-sticky-section-no e-con e-parent\" data-id=\"aa32cbd\" data-element_type=\"container\" data-settings=\"{&quot;background_background&quot;:&quot;classic&quot;}\">\n\t\t\t\t\t<div class=\"e-con-inner\">\n\t\t\t\t<div class=\"elementor-element elementor-element-52735c2 elementor-widget elementor-widget-heading\" data-id=\"52735c2\" data-element_type=\"widget\" data-widget_type=\"heading.default\">\n\t\t\t\t<div class=\"elementor-widget-container\">\n\t\t\t\t\t<h2 class=\"elementor-heading-title elementor-size-default\">NOTRE CARTE<\/h2>\t\t\t\t<\/div>\n\t\t\t\t<\/div>\n\t\t\t\t<div class=\"elementor-element elementor-element-d500390 elementor-widget elementor-widget-text-editor\" data-id=\"d500390\" data-element_type=\"widget\" data-widget_type=\"text-editor.default\">\n\t\t\t\t<div class=\"elementor-widget-container\">\n\t\t\t\t\t\t\t\t\t<p data-start=\"104\" data-end=\"349\">Notre carte rassemble l\u2019essentiel : des pizzas travaill\u00e9es avec soin, des grillades savoureuses et quelques suggestions qui \u00e9voluent selon l\u2019inspiration du chef.<br data-start=\"265\" data-end=\"268\" \/>Ici, chaque plat vise le juste \u00e9quilibre entre simplicit\u00e9, g\u00e9n\u00e9rosit\u00e9 et plaisir.<\/p>\n<p data-start=\"351\" data-end=\"576\">Les pizzas offrent une p\u00e2te affin\u00e9e et des garnitures choisies ; les grillades r\u00e9v\u00e8lent leurs saveurs gr\u00e2ce \u00e0 une cuisson ma\u00eetris\u00e9e. \u00c0 c\u00f4t\u00e9, nos suggestions apportent une touche de nouveaut\u00e9 sans trahir l\u2019esprit de la maison.<\/p>\n<p data-start=\"578\" data-end=\"716\">L\u2019id\u00e9e est simple : vous proposer des plats sinc\u00e8res, gourmands et pr\u00e9par\u00e9s avec attention \u2014 pour un moment agr\u00e9able, en toute simplicit\u00e9.<\/p>\t\t\t\t\t\t\t\t<\/div>\n\t\t\t\t<\/div>\n\t\t\t\t\t<\/div>\n\t\t\t\t<\/div>\n\t\t<div class=\"elementor-element elementor-element-5d1b322 e-flex e-con-boxed wpr-particle-no wpr-jarallax-no wpr-parallax-no wpr-sticky-section-no e-con e-parent\" data-id=\"5d1b322\" data-element_type=\"container\" data-settings=\"{&quot;background_background&quot;:&quot;classic&quot;}\">\n\t\t\t\t\t<div class=\"e-con-inner\">\n\t\t\t\t<div class=\"elementor-element elementor-element-53f0612 elementor-align-center elementor-widget elementor-widget-button\" data-id=\"53f0612\" data-element_type=\"widget\" data-widget_type=\"button.default\">\n\t\t\t\t<div class=\"elementor-widget-container\">\n\t\t\t\t\t\t\t\t\t<div class=\"elementor-button-wrapper\">\n\t\t\t\t\t<a class=\"elementor-button elementor-button-link elementor-size-sm\" href=\"http:\/\/lafocaccia.fr\/wp-content\/uploads\/2025\/11\/MENUS_A4_FOCACCIA-vert-2025.pdf\" target=\"_blank\">\n\t\t\t\t\t\t<span class=\"elementor-button-content-wrapper\">\n\t\t\t\t\t\t\t\t\t<span class=\"elementor-button-text\">CARTE RESTAURANT<\/span>\n\t\t\t\t\t<\/span>\n\t\t\t\t\t<\/a>\n\t\t\t\t<\/div>\n\t\t\t\t\t\t\t\t<\/div>\n\t\t\t\t<\/div>\n\t\t\t\t<div class=\"elementor-element elementor-element-970ee3f elementor-align-center elementor-widget elementor-widget-button\" data-id=\"970ee3f\" data-element_type=\"widget\" data-widget_type=\"button.default\">\n\t\t\t\t<div class=\"elementor-widget-container\">\n\t\t\t\t\t\t\t\t\t<div class=\"elementor-button-wrapper\">\n\t\t\t\t\t<a class=\"elementor-button elementor-button-link elementor-size-sm\" href=\"http:\/\/lafocaccia.fr\/wp-content\/uploads\/2025\/11\/Menus-A-emporter_A3_FOCACCIA-vert-2025.pdf\" target=\"_blank\">\n\t\t\t\t\t\t<span class=\"elementor-button-content-wrapper\">\n\t\t\t\t\t\t\t\t\t<span class=\"elementor-button-text\">\u00c0 EMPORTER &amp; EN LIVRAISON<\/span>\n\t\t\t\t\t<\/span>\n\t\t\t\t\t<\/a>\n\t\t\t\t<\/div>\n\t\t\t\t\t\t\t\t<\/div>\n\t\t\t\t<\/div>\n\t\t\t\t\t<\/div>\n\t\t\t\t<\/div>\n\t\t<div class=\"elementor-element elementor-element-8c45bef e-flex e-con-boxed wpr-particle-no wpr-jarallax-no wpr-parallax-no wpr-sticky-section-no e-con e-parent\" data-id=\"8c45bef\" data-element_type=\"container\" data-settings=\"{&quot;background_background&quot;:&quot;classic&quot;}\">\n\t\t\t\t\t<div class=\"e-con-inner\">\n\t\t<div class=\"elementor-element elementor-element-2f5b493 e-con-full e-flex wpr-particle-no wpr-jarallax-no wpr-parallax-no wpr-sticky-section-no e-con e-child\" data-id=\"2f5b493\" data-element_type=\"container\">\n\t\t\t\t<div class=\"elementor-element elementor-element-a89fda1 elementor-widget elementor-widget-heading\" data-id=\"a89fda1\" data-element_type=\"widget\" data-widget_type=\"heading.default\">\n\t\t\t\t<div class=\"elementor-widget-container\">\n\t\t\t\t\t<h2 class=\"elementor-heading-title elementor-size-default\">FOODTRUCK<\/h2>\t\t\t\t<\/div>\n\t\t\t\t<\/div>\n\t\t\t\t<div class=\"elementor-element elementor-element-2bc3c35 elementor-widget elementor-widget-text-editor\" data-id=\"2bc3c35\" data-element_type=\"widget\" data-widget_type=\"text-editor.default\">\n\t\t\t\t<div class=\"elementor-widget-container\">\n\t\t\t\t\t\t\t\t\t<p data-start=\"132\" data-end=\"424\">Notre foodtruck, c\u2019est le go\u00fbt de la pizza sans d\u00e9tour : une p\u00e2te travaill\u00e9e simplement, des garnitures choisies et une cuisson ma\u00eetris\u00e9e pour un r\u00e9sultat gourmand et g\u00e9n\u00e9reux.<br data-start=\"308\" data-end=\"311\" \/>Chaque pizza est pr\u00e9par\u00e9e \u00e0 la minute, directement devant vous, avec cette envie de faire plaisir sans artifices.<\/p><p data-start=\"426\" data-end=\"609\">Ici, pas de chichi : juste de bonnes pizzas, servies avec le sourire, o\u00f9 que vous soyez.<br data-start=\"514\" data-end=\"517\" \/>Installez-vous, emportez, partagez \u2014 l\u2019essentiel est dans le plaisir de la pizza bien faite.<\/p>\t\t\t\t\t\t\t\t<\/div>\n\t\t\t\t<\/div>\n\t\t\t\t<div class=\"elementor-element elementor-element-f91c088 elementor-align-center elementor-widget elementor-widget-button\" data-id=\"f91c088\" data-element_type=\"widget\" data-widget_type=\"button.default\">\n\t\t\t\t<div class=\"elementor-widget-container\">\n\t\t\t\t\t\t\t\t\t<div class=\"elementor-button-wrapper\">\n\t\t\t\t\t<a class=\"elementor-button elementor-size-sm\" role=\"button\">\n\t\t\t\t\t\t<span class=\"elementor-button-content-wrapper\">\n\t\t\t\t\t\t\t\t\t<span class=\"elementor-button-text\">OUVERTURE DU FOOD TRUCK UNIQUEMENT EN SAISON DU 1 ER AVRIL AU 31 OCTOBRE<\/span>\n\t\t\t\t\t<\/span>\n\t\t\t\t\t<\/a>\n\t\t\t\t<\/div>\n\t\t\t\t\t\t\t\t<\/div>\n\t\t\t\t<\/div>\n\t\t\t\t<\/div>\n\t\t<div class=\"elementor-element elementor-element-480b359 e-con-full e-flex wpr-particle-no wpr-jarallax-no wpr-parallax-no wpr-sticky-section-no e-con e-child\" data-id=\"480b359\" data-element_type=\"container\">\n\t\t\t\t<div class=\"elementor-element elementor-element-dd48917 elementor-widget elementor-widget-image\" data-id=\"dd48917\" data-element_type=\"widget\" data-widget_type=\"image.default\">\n\t\t\t\t<div class=\"elementor-widget-container\">\n\t\t\t\t\t\t\t\t\t\t\t\t\t\t\t<img fetchpriority=\"high\" decoding=\"async\" width=\"600\" height=\"600\" src=\"https:\/\/lafocaccia.fr\/wp-content\/uploads\/2025\/11\/IMG_3576-600x600.jpg\" class=\"attachment-ocean-thumb-m size-ocean-thumb-m wp-image-610\" alt=\"\" srcset=\"https:\/\/lafocaccia.fr\/wp-content\/uploads\/2025\/11\/IMG_3576-600x600.jpg 600w, https:\/\/lafocaccia.fr\/wp-content\/uploads\/2025\/11\/IMG_3576-150x150.jpg 150w\" sizes=\"(max-width: 600px) 100vw, 600px\" \/>\t\t\t\t\t\t\t\t\t\t\t\t\t\t\t<\/div>\n\t\t\t\t<\/div>\n\t\t\t\t<\/div>\n\t\t\t\t\t<\/div>\n\t\t\t\t<\/div>\n\t\t\t\t<\/div>\n\t\t","protected":false},"excerpt":{"rendered":"<p>NOTRE CARTE Notre carte rassemble l\u2019essentiel : des pizzas travaill\u00e9es avec soin, des grillades savoureuses et quelques suggestions qui \u00e9voluent selon l\u2019inspiration du chef.Ici, chaque plat vise le juste \u00e9quilibre entre simplicit\u00e9, g\u00e9n\u00e9rosit\u00e9 et plaisir. Les pizzas offrent une p\u00e2te affin\u00e9e et des garnitures choisies ; les grillades r\u00e9v\u00e8lent leurs saveurs gr\u00e2ce \u00e0 une cuisson ma\u00eetris\u00e9e. \u00c0 c\u00f4t\u00e9, nos suggestions apportent une touche de nouveaut\u00e9 sans trahir l\u2019esprit de la maison. L\u2019id\u00e9e est simple : vous proposer des plats sinc\u00e8res, gourmands et pr\u00e9par\u00e9s avec attention \u2014 pour un moment agr\u00e9able, en toute simplicit\u00e9. CARTE RESTAURANT \u00c0 EMPORTER &amp; EN LIVRAISON FOODTRUCK Notre foodtruck, c\u2019est le go\u00fbt de la pizza sans d\u00e9tour : une p\u00e2te travaill\u00e9e simplement, des garnitures choisies et une cuisson ma\u00eetris\u00e9e pour un r\u00e9sultat gourmand et g\u00e9n\u00e9reux.Chaque pizza est pr\u00e9par\u00e9e \u00e0 la minute, directement devant vous, avec cette envie de faire plaisir sans artifices. Ici, pas de chichi : juste de bonnes pizzas, servies avec le sourire, o\u00f9 que vous soyez.Installez-vous, emportez, partagez \u2014 l\u2019essentiel est dans le plaisir de la pizza bien faite. OUVERTURE DU FOOD TRUCK UNIQUEMENT EN SAISON DU 1 ER AVRIL AU 31 OCTOBRE<\/p>\n","protected":false},"author":1,"featured_media":0,"parent":0,"menu_order":0,"comment_status":"closed","ping_status":"closed","template":"","meta":{"ocean_post_layout":"","ocean_both_sidebars_style":"","ocean_both_sidebars_content_width":0,"ocean_both_sidebars_sidebars_width":0,"ocean_sidebar":"0","ocean_second_sidebar":"0","ocean_disable_margins":"enable","ocean_add_body_class":"","ocean_shortcode_before_top_bar":"","ocean_shortcode_after_top_bar":"","ocean_shortcode_before_header":"","ocean_shortcode_after_header":"","ocean_has_shortcode":"","ocean_shortcode_after_title":"","ocean_shortcode_before_footer_widgets":"","ocean_shortcode_after_footer_widgets":"","ocean_shortcode_before_footer_bottom":"","ocean_shortcode_after_footer_bottom":"","ocean_display_top_bar":"default","ocean_display_header":"default","ocean_header_style":"","ocean_center_header_left_menu":"0","ocean_custom_header_template":"0","ocean_custom_logo":0,"ocean_custom_retina_logo":0,"ocean_custom_logo_max_width":0,"ocean_custom_logo_tablet_max_width":0,"ocean_custom_logo_mobile_max_width":0,"ocean_custom_logo_max_height":0,"ocean_custom_logo_tablet_max_height":0,"ocean_custom_logo_mobile_max_height":0,"ocean_header_custom_menu":"0","ocean_menu_typo_font_family":"0","ocean_menu_typo_font_subset":"","ocean_menu_typo_font_size":0,"ocean_menu_typo_font_size_tablet":0,"ocean_menu_typo_font_size_mobile":0,"ocean_menu_typo_font_size_unit":"px","ocean_menu_typo_font_weight":"","ocean_menu_typo_font_weight_tablet":"","ocean_menu_typo_font_weight_mobile":"","ocean_menu_typo_transform":"","ocean_menu_typo_transform_tablet":"","ocean_menu_typo_transform_mobile":"","ocean_menu_typo_line_height":0,"ocean_menu_typo_line_height_tablet":0,"ocean_menu_typo_line_height_mobile":0,"ocean_menu_typo_line_height_unit":"","ocean_menu_typo_spacing":0,"ocean_menu_typo_spacing_tablet":0,"ocean_menu_typo_spacing_mobile":0,"ocean_menu_typo_spacing_unit":"","ocean_menu_link_color":"","ocean_menu_link_color_hover":"","ocean_menu_link_color_active":"","ocean_menu_link_background":"","ocean_menu_link_hover_background":"","ocean_menu_link_active_background":"","ocean_menu_social_links_bg":"","ocean_menu_social_hover_links_bg":"","ocean_menu_social_links_color":"","ocean_menu_social_hover_links_color":"","ocean_disable_title":"default","ocean_disable_heading":"default","ocean_post_title":"","ocean_post_subheading":"","ocean_post_title_style":"","ocean_post_title_background_color":"","ocean_post_title_background":0,"ocean_post_title_bg_image_position":"","ocean_post_title_bg_image_attachment":"","ocean_post_title_bg_image_repeat":"","ocean_post_title_bg_image_size":"","ocean_post_title_height":0,"ocean_post_title_bg_overlay":0.5,"ocean_post_title_bg_overlay_color":"","ocean_disable_breadcrumbs":"default","ocean_breadcrumbs_color":"","ocean_breadcrumbs_separator_color":"","ocean_breadcrumbs_links_color":"","ocean_breadcrumbs_links_hover_color":"","ocean_display_footer_widgets":"default","ocean_display_footer_bottom":"default","ocean_custom_footer_template":"0","footnotes":""},"class_list":["post-67","page","type-page","status-publish","hentry","entry"],"_links":{"self":[{"href":"https:\/\/lafocaccia.fr\/index.php\/wp-json\/wp\/v2\/pages\/67","targetHints":{"allow":["GET"]}}],"collection":[{"href":"https:\/\/lafocaccia.fr\/index.php\/wp-json\/wp\/v2\/pages"}],"about":[{"href":"https:\/\/lafocaccia.fr\/index.php\/wp-json\/wp\/v2\/types\/page"}],"author":[{"embeddable":true,"href":"https:\/\/lafocaccia.fr\/index.php\/wp-json\/wp\/v2\/users\/1"}],"replies":[{"embeddable":true,"href":"https:\/\/lafocaccia.fr\/index.php\/wp-json\/wp\/v2\/comments?post=67"}],"version-history":[{"count":71,"href":"https:\/\/lafocaccia.fr\/index.php\/wp-json\/wp\/v2\/pages\/67\/revisions"}],"predecessor-version":[{"id":801,"href":"https:\/\/lafocaccia.fr\/index.php\/wp-json\/wp\/v2\/pages\/67\/revisions\/801"}],"wp:attachment":[{"href":"https:\/\/lafocaccia.fr\/index.php\/wp-json\/wp\/v2\/media?parent=67"}],"curies":[{"name":"wp","href":"https:\/\/api.w.org\/{rel}","templated":true}]}}